{"id":17,"date":"2026-03-09T12:04:41","date_gmt":"2026-03-09T12:04:41","guid":{"rendered":"https:\/\/vokhira.guru\/?page_id=17"},"modified":"2026-03-09T12:04:44","modified_gmt":"2026-03-09T12:04:44","slug":"trilhos-algarve","status":"publish","type":"page","link":"https:\/\/vokhira.guru\/?page_id=17","title":{"rendered":"Trilhos Algarve"},"content":{"rendered":"\n<p>Os trilhos que percorremos aqui no centro do Algarve s\u00e3o o resultado de anos de explora\u00e7\u00e3o pessoal. Eu cresci nestes caminhos e conhe\u00e7o cada atalho entre Albufeira e as serras mais pr\u00f3ximas. A paisagem \u00e9 dominada por \u00e1rvores de sequeiro como as alfarrobeiras e as oliveiras centen\u00e1rias. O solo muda de cor conforme avan\u00e7amos para o interior passando do castanheiro claro para o vermelho vivo que \u00e9 t\u00e3o t\u00edpico desta zona. O motoquatro \u00e9 o ve\u00edculo ideal para estes caminhos porque a sua agilidade permite nos contornar \u00e1rvores e subir encostas que seriam imposs\u00edveis para outros transportes. \u00c9 uma forma de estar em contacto direto com o mundo rural.<\/p>\n\n\n\n<p>Passamos por zonas onde o tempo parece ter parado h\u00e1 d\u00e9cadas. S\u00e3o pequenas hortas familiares e casas de pedra que resistem ao abandono. Eu gosto de mostrar este lado menos tur\u00edstico do Algarve porque \u00e9 a terra onde eu nasci. O ru\u00eddo do motor \u00e9 o \u00fanico som que quebra o sil\u00eancio destes vales escondidos. Durante o percurso atravessamos algumas ribeiras secas onde o leito de pedra exige uma condu\u00e7\u00e3o mais t\u00e9cnica e lenta. \u00c9 nesses momentos que se percebe a import\u00e2ncia de uma boa suspens\u00e3o e de uns pneus com rasto profundo. Eu escolho os roteiros para que haja um equil\u00edbrio entre zonas f\u00e1ceis e tro\u00e7os mais desafiantes.<\/p>\n\n\n\n<figure class=\"wp-block-image size-large\"><img loading=\"lazy\" decoding=\"async\" width=\"1024\" height=\"538\" src=\"https:\/\/vokhira.guru\/wp-content\/uploads\/2026\/03\/9wlODwXEIZ-1024x538.jpg\" alt=\"\" class=\"wp-image-18\" srcset=\"https:\/\/vokhira.guru\/wp-content\/uploads\/2026\/03\/9wlODwXEIZ-1024x538.jpg 1024w, https:\/\/vokhira.guru\/wp-content\/uploads\/2026\/03\/9wlODwXEIZ-300x158.jpg 300w, https:\/\/vokhira.guru\/wp-content\/uploads\/2026\/03\/9wlODwXEIZ-768x403.jpg 768w, https:\/\/vokhira.guru\/wp-content\/uploads\/2026\/03\/9wlODwXEIZ.jpg 1200w\" sizes=\"auto, (max-width: 1024px) 100vw, 1024px\" \/><\/figure>\n\n\n\n<ul class=\"wp-block-list\">\n<li>Atravessamos pomares de laranjeiras onde o aroma das flores \u00e9 muito intenso na primavera.<\/li>\n\n\n\n<li>Subimos a colinas de xisto que oferecem vistas panor\u00e2micas sobre toda a costa algarvia.<\/li>\n\n\n\n<li>Passamos por caminhos estreitos ladeados por muros de pedra constru\u00eddos de forma artesanal.<\/li>\n\n\n\n<li>O percurso inclui passagens por aldeias pequenas onde o ritmo de vida \u00e9 muito tranquilo.<\/li>\n\n\n\n<li>Paramos em pontos estrat\u00e9gicos para fotografias e para descansar as m\u00e3os do esfor\u00e7o da condu\u00e7\u00e3o.<\/li>\n<\/ul>\n\n\n\n<p>A poeira faz parte da aventura e eu aviso sempre as pessoas para trazerem roupa que possa ficar suja. O barro vermelho n\u00e3o sai facilmente mas \u00e9 a marca de um dia bem passado no campo. Eu sinto orgulho em ver os meus clientes a descobrir s\u00edtios que eles nunca encontrariam sozinhos. O meu conhecimento do territ\u00f3rio \u00e9 o que valoriza o passeio. Eu sei onde encontrar a melhor sombra para uma pequena pausa e onde a luz do sol bate com mais beleza nas rochas. O meu trabalho \u00e9 ser o vosso guia neste mundo de terra batida. A condu\u00e7\u00e3o t\u00e9cnica mistura se com a contempla\u00e7\u00e3o da natureza de uma forma muito natural e fluida.<\/p>\n\n\n\n<p>No final do dia as m\u00e1quinas voltam para a oficina cobertas de terra e eu come\u00e7o o processo de limpeza. \u00c9 uma tarefa demorada mas necess\u00e1ria para manter a frota impec\u00e1vel. Eu verifico se houve algum impacto que tenha afetado a estrutura ou as jantes. O meu neg\u00f3cio \u00e9 pequeno e por isso eu cuido de tudo pessoalmente. A satisfa\u00e7\u00e3o de quem nos visita \u00e9 a melhor recompensa por todo este esfor\u00e7o f\u00edsico e mec\u00e2nico. O Algarve interior tem uma energia especial que s\u00f3 se sente quando estamos fora do asfalto. Eu espero continuar a guiar pessoas por estes trilhos durante muitos anos mantendo sempre a mesma seriedade e o mesmo respeito pela terra e pela mec\u00e2nica.<\/p>\n","protected":false},"excerpt":{"rendered":"<p>Os trilhos que percorremos aqui no centro do Algarve s\u00e3o o resultado de anos de explora\u00e7\u00e3o pessoal. Eu cresci nestes caminhos e conhe\u00e7o cada atalho entre Albufeira e as serras mais pr\u00f3ximas. A paisagem \u00e9 dominada por \u00e1rvores de sequeiro como as alfarrobeiras e as oliveiras centen\u00e1rias. O solo muda de cor conforme avan\u00e7amos para &hellip; <\/p>\n<p class=\"link-more\"><a href=\"https:\/\/vokhira.guru\/?page_id=17\" class=\"more-link\">Read More<span class=\"screen-reader-text\"> &#8220;Trilhos Algarve&#8221;<\/span><\/a><\/p>\n","protected":false},"author":1,"featured_media":0,"parent":0,"menu_order":3,"comment_status":"closed","ping_status":"closed","template":"","meta":{"footnotes":""},"class_list":["post-17","page","type-page","status-publish","hentry"],"_links":{"self":[{"href":"https:\/\/vokhira.guru\/index.php?rest_route=\/wp\/v2\/pages\/17","targetHints":{"allow":["GET"]}}],"collection":[{"href":"https:\/\/vokhira.guru\/index.php?rest_route=\/wp\/v2\/pages"}],"about":[{"href":"https:\/\/vokhira.guru\/index.php?rest_route=\/wp\/v2\/types\/page"}],"author":[{"embeddable":true,"href":"https:\/\/vokhira.guru\/index.php?rest_route=\/wp\/v2\/users\/1"}],"replies":[{"embeddable":true,"href":"https:\/\/vokhira.guru\/index.php?rest_route=%2Fwp%2Fv2%2Fcomments&post=17"}],"version-history":[{"count":1,"href":"https:\/\/vokhira.guru\/index.php?rest_route=\/wp\/v2\/pages\/17\/revisions"}],"predecessor-version":[{"id":19,"href":"https:\/\/vokhira.guru\/index.php?rest_route=\/wp\/v2\/pages\/17\/revisions\/19"}],"wp:attachment":[{"href":"https:\/\/vokhira.guru\/index.php?rest_route=%2Fwp%2Fv2%2Fmedia&parent=17"}],"curies":[{"name":"wp","href":"https:\/\/api.w.org\/{rel}","templated":true}]}}