{"id":26,"date":"2026-03-09T12:09:52","date_gmt":"2026-03-09T12:09:52","guid":{"rendered":"https:\/\/vokhira.guru\/?page_id=26"},"modified":"2026-03-09T12:10:48","modified_gmt":"2026-03-09T12:10:48","slug":"espaco-de-contacto","status":"publish","type":"page","link":"https:\/\/vokhira.guru\/?page_id=26","title":{"rendered":"Espa\u00e7o de Contacto"},"content":{"rendered":"\n<p><strong>Hor\u00e1rio de Atendimento Local<\/strong><\/p>\n\n\n\n<p>Segunda a Sexta . . . . 09:00 at\u00e9 18:30<br>S\u00e1bado . . . . . . . . . 09:00 at\u00e9 13:00<br>Domingo . . . . . . . . Encerrado para Descanso<\/p>\n\n\n\n<p><strong>Canais de Comunica\u00e7\u00e3o<\/strong><\/p>\n\n\n\n<p>Telefone M\u00f3vel . . . . <strong>+351-127-123-06<\/strong>1<br>Correio Eletr\u00f3nico . . <strong>support@vokhira.guru<\/strong><br>Local da Garagem . . . <strong>R. Alexandre Herculano, 8200-251 Albufeira<\/strong><\/p>\n\n\n\n<p><strong>Informa\u00e7\u00f5es de Reserva<\/strong><\/p>\n\n\n\n<p>Para garantir a sua vaga nos nossos motoquatros recomendamos o contacto com pelo menos quarenta e oito horas de anteced\u00eancia. Os nossos grupos s\u00e3o pequenos e as vagas esgotam rapidamente durante as \u00e9pocas de maior procura no Algarve. Pode enviar uma mensagem escrita ou ligar diretamente para confirmar a disponibilidade t\u00e9cnica. Estamos situados na zona norte de Albufeira com f\u00e1cil acesso e estacionamento dispon\u00edvel para os clientes. Aguardamos a sua visita para partilhar os melhores trilhos da nossa regi\u00e3o com toda a seguran\u00e7a e transpar\u00eancia.<\/p>\n\n\n\n<hr class=\"wp-block-separator has-alpha-channel-opacity\"\/>\n\n\n\n<p>Seria \u00fatil se eu preparasse agora uma lista dos itens t\u00e9cnicos que voc\u00ea deve verificar na m\u00e1quina antes de iniciar um percurso de longa dist\u00e2ncia?<\/p>\n","protected":false},"excerpt":{"rendered":"<p>Hor\u00e1rio de Atendimento Local Segunda a Sexta . . . . 09:00 at\u00e9 18:30S\u00e1bado . . . . . . . . . 09:00 at\u00e9 13:00Domingo . . . . . . . . Encerrado para Descanso Canais de Comunica\u00e7\u00e3o Telefone M\u00f3vel . . . . +351-127-123-061Correio Eletr\u00f3nico . . support@vokhira.guruLocal da Garagem . . &hellip; <\/p>\n<p class=\"link-more\"><a href=\"https:\/\/vokhira.guru\/?page_id=26\" class=\"more-link\">Read More<span class=\"screen-reader-text\"> &#8220;Espa\u00e7o de Contacto&#8221;<\/span><\/a><\/p>\n","protected":false},"author":1,"featured_media":0,"parent":0,"menu_order":7,"comment_status":"closed","ping_status":"closed","template":"","meta":{"footnotes":""},"class_list":["post-26","page","type-page","status-publish","hentry"],"_links":{"self":[{"href":"https:\/\/vokhira.guru\/index.php?rest_route=\/wp\/v2\/pages\/26","targetHints":{"allow":["GET"]}}],"collection":[{"href":"https:\/\/vokhira.guru\/index.php?rest_route=\/wp\/v2\/pages"}],"about":[{"href":"https:\/\/vokhira.guru\/index.php?rest_route=\/wp\/v2\/types\/page"}],"author":[{"embeddable":true,"href":"https:\/\/vokhira.guru\/index.php?rest_route=\/wp\/v2\/users\/1"}],"replies":[{"embeddable":true,"href":"https:\/\/vokhira.guru\/index.php?rest_route=%2Fwp%2Fv2%2Fcomments&post=26"}],"version-history":[{"count":1,"href":"https:\/\/vokhira.guru\/index.php?rest_route=\/wp\/v2\/pages\/26\/revisions"}],"predecessor-version":[{"id":27,"href":"https:\/\/vokhira.guru\/index.php?rest_route=\/wp\/v2\/pages\/26\/revisions\/27"}],"wp:attachment":[{"href":"https:\/\/vokhira.guru\/index.php?rest_route=%2Fwp%2Fv2%2Fmedia&parent=26"}],"curies":[{"name":"wp","href":"https:\/\/api.w.org\/{rel}","templated":true}]}}